{"id":912,"date":"2022-02-02T10:25:22","date_gmt":"2022-02-02T10:25:22","guid":{"rendered":"https:\/\/hidroserviciosaa.com.pe\/index.php\/services\/"},"modified":"2025-08-26T20:56:26","modified_gmt":"2025-08-26T20:56:26","slug":"inspeccion-y-mantenimiento-de-colectores-venta-de-maquinas-de-baldes","status":"publish","type":"page","link":"https:\/\/hidroserviciosaa.com.pe\/index.php\/inspeccion-y-mantenimiento-de-colectores-venta-de-maquinas-de-baldes\/","title":{"rendered":"Inspecci\u00f3n televisiva y limpieza de colectores\u200b"},"content":{"rendered":"\n<div class=\"wp-block-uagb-container uagb-block-2ab0c147 alignfull uagb-is-root-container\"><div class=\"uagb-container-inner-blocks-wrap\">\n<div class=\"wp-block-uagb-advanced-heading uagb-block-90747899\"><h1 class=\"uagb-heading-text\">Servicios<\/h1><\/div>\n<\/div><\/div>\n\n\n\n<div class=\"wp-block-uagb-container uagb-block-17db1683 alignfull uagb-is-root-container\"><div class=\"uagb-container-inner-blocks-wrap\">\n<div class=\"wp-block-uagb-advanced-heading uagb-block-edd659b2\"><\/div>\n\n\n\n<div class=\"wp-block-uagb-advanced-heading uagb-block-283683cb\"><h2 class=\"uagb-heading-text\">Nuestros Servicios <\/h2><\/div>\n\n\n\n<div class=\"wp-block-uagb-container uagb-block-05a19ebc\">\n<div class=\"wp-block-uagb-container uagb-block-593746c8\">\n<div class=\"wp-block-uagb-info-box uagb-block-f8f5fae4 uagb-infobox__content-wrap  uagb-infobox-icon-above-title uagb-infobox-image-valign-top\"><div class=\"uagb-ifb-content\"><div class=\"uagb-ifb-image-content\"><img decoding=\"async\" src=\"https:\/\/hidroserviciosaa.com.pe\/wp-content\/uploads\/2023\/08\/imagen_2023-08-03_090615547.png\" alt=\"\" width=\"888\" height=\"653\" loading=\"lazy\"\/><\/div><div class=\"uagb-ifb-title-wrap\"><h4 class=\"uagb-ifb-title\">Inspecci\u00f3n televisiva de colectores.\u200b<\/h4><\/div><p class=\"uagb-ifb-desc\">Realizamos inspecciones detalladas de las redes de agua y alcantarillado para detectar cualquier problema antes de que se convierta en una emergencia. Nuestra tecnolog\u00eda de vanguardia nos permite identificar y solucionar problemas de manera r\u00e1pida y efectiva.<\/p><\/div><\/div>\n\n\n\n<div class=\"wp-block-uagb-info-box uagb-block-7056bb86 uagb-infobox__content-wrap  uagb-infobox-icon-above-title uagb-infobox-image-valign-top\"><div class=\"uagb-ifb-content\"><div class=\"uagb-ifb-image-content\"><img decoding=\"async\" src=\"https:\/\/hidroserviciosaa.com.pe\/wp-content\/uploads\/2024\/08\/maquiunas.png\" alt=\"\" width=\"569\" height=\"569\" loading=\"lazy\"\/><\/div><div class=\"uagb-ifb-title-wrap\"><h4 class=\"uagb-ifb-title\">Venta de m\u00e1quinas de baldes y accesorios.\u200b<\/h4><\/div><p class=\"uagb-ifb-desc\">Ofrecemos la venta de m\u00e1quinas de baldes y accesorios de alta calidad, dise\u00f1ados para optimizar la limpieza y mantenimiento de redes de alcantarillado. Nuestras m\u00e1quinas, fabricadas con tecnolog\u00eda avanzada, garantizan durabilidad y eficiencia.<br><\/p><\/div><\/div>\n<\/div>\n\n\n\n<div class=\"wp-block-uagb-container uagb-block-16abe884\">\n<div class=\"wp-block-uagb-info-box uagb-block-4d1b1cd4 uagb-infobox__content-wrap  uagb-infobox-icon-above-title uagb-infobox-image-valign-top\"><div class=\"uagb-ifb-content\"><div class=\"uagb-ifb-image-content\"><img decoding=\"async\" src=\"https:\/\/hidroserviciosaa.com.pe\/wp-content\/uploads\/2023\/08\/WhatsApp-Image-2023-08-02-at-06.48.32-576x1024.jpeg\" alt=\"\" width=\"576\" height=\"1024\" loading=\"lazy\"\/><\/div><div class=\"uagb-ifb-title-wrap\"><h4 class=\"uagb-ifb-title\">Limpieza de colectores con m\u00e1quina de baldes.<\/h4><\/div><p class=\"uagb-ifb-desc\">Nuestro equipo especializado est\u00e1 equipado con la \u00faltima tecnolog\u00eda para limpiar de manera efectiva los colectores y para asegurar que no exista aniegos en la v\u00eda p\u00fablica y evitar colapso de las redes.<br><br><br><\/p><\/div><\/div>\n\n\n\n<div class=\"wp-block-uagb-container uagb-block-5b0828df\">\n<div class=\"wp-block-uagb-info-box uagb-block-f60c76bb uagb-infobox__content-wrap  uagb-infobox-icon-above-title uagb-infobox-image-valign-top\"><div class=\"uagb-ifb-content\"><div class=\"uagb-ifb-image-content\"><img decoding=\"async\" src=\"https:\/\/hidroserviciosaa.com.pe\/wp-content\/uploads\/2025\/08\/imagen_2025-08-26_145444357.png\" alt=\"\" width=\"\" height=\"0\" loading=\"lazy\"\/><\/div><div class=\"uagb-ifb-title-wrap\"><h3 class=\"uagb-ifb-title\">Pintado de reservorios<\/h3><\/div><p class=\"uagb-ifb-desc\">Nuestro equipo prepara la superficie y aplica pinturas especializadas que protegen contra la humedad, el sol y la corrosi\u00f3n, prolongando la vida \u00fatil de la estructura. Adem\u00e1s, utilizamos acabados de alta calidad que mejoran su apariencia y le dan un aspecto profesional.<\/p><\/div><\/div>\n<\/div>\n<\/div>\n\n\n\n<div class=\"wp-block-uagb-container uagb-block-441d0c1f\">\n<div class=\"wp-block-uagb-info-box uagb-block-85ac94c3 uagb-infobox__content-wrap  uagb-infobox-icon-above-title uagb-infobox-image-valign-top\"><div class=\"uagb-ifb-content\"><div class=\"uagb-ifb-image-content\"><img decoding=\"async\" src=\"https:\/\/hidroserviciosaa.com.pe\/wp-content\/uploads\/2023\/08\/10-383x1024.png\" alt=\"\" width=\"383\" height=\"1024\" loading=\"lazy\"\/><\/div><div class=\"uagb-ifb-title-wrap\"><h4 class=\"uagb-ifb-title\">Cambio de redes de agua y alcantarillado.<\/h4><\/div><p class=\"uagb-ifb-desc\">Si se requiere la sustituci\u00f3n de una red de agua o alcantarillado, nuestro equipo altamente capacitado est\u00e1 listo para hacer el trabajo. Utilizamos materiales de alta calidad y seguimos todas las normas y regulaciones necesarias.<\/p><\/div><\/div>\n<\/div>\n\n\n\n<div class=\"wp-block-uagb-container uagb-block-24d8221a\">\n<div class=\"wp-block-uagb-info-box uagb-block-0ff8ac76 uagb-infobox__content-wrap  uagb-infobox-icon-above-title uagb-infobox-image-valign-top\"><div class=\"uagb-ifb-content\"><div class=\"uagb-ifb-image-content\"><img decoding=\"async\" src=\"https:\/\/hidroserviciosaa.com.pe\/wp-content\/uploads\/2023\/08\/07.png\" alt=\"\" width=\"922\" height=\"825\" loading=\"lazy\"\/><\/div><div class=\"uagb-ifb-title-wrap\"><h4 class=\"uagb-ifb-title\">Complementaci\u00f3n de redes de agua y alcantarillado.\u200b<\/h4><\/div><p class=\"uagb-ifb-desc\">Ofrecemos servicios de<br>complementaci\u00f3n de redes para su<br>sistema de agua y alcantarillado.<br><br><br><br><\/p><\/div><\/div>\n\n\n\n<div class=\"wp-block-uagb-info-box uagb-block-2e157909 uagb-infobox__content-wrap  uagb-infobox-icon-above-title uagb-infobox-image-valign-top\"><div class=\"uagb-ifb-content\"><div class=\"uagb-ifb-image-content\"><img decoding=\"async\" src=\"https:\/\/hidroserviciosaa.com.pe\/wp-content\/uploads\/2023\/08\/15.png\" alt=\"\" width=\"1012\" height=\"675\" loading=\"lazy\"\/><\/div><div class=\"uagb-ifb-title-wrap\"><h4 class=\"uagb-ifb-title\">Servicios generales enfocados a saneamiento.<\/h4><\/div><p class=\"uagb-ifb-desc\">Ofrecemos una amplia variedad de servicios enfocados en el saneamiento y limpieza de sistemas de agua y alcantarillado.<br><br><br><br><\/p><\/div><\/div>\n<\/div>\n\n\n\n<div class=\"wp-block-uagb-container uagb-block-9e1e7410\">\n<div class=\"wp-block-uagb-info-box uagb-block-7df92e38 uagb-infobox__content-wrap  uagb-infobox-icon-above-title uagb-infobox-image-valign-top\"><div class=\"uagb-ifb-content\"><div class=\"uagb-ifb-image-content\"><img decoding=\"async\" src=\"https:\/\/hidroserviciosaa.com.pe\/wp-content\/uploads\/2023\/08\/08.png\" alt=\"\" width=\"1059\" height=\"824\" loading=\"lazy\"\/><\/div><div class=\"uagb-ifb-title-wrap\"><h4 class=\"uagb-ifb-title\">Limpieza y desinfecci\u00f3n de reservorios.<\/h4><\/div><p class=\"uagb-ifb-desc\">Ofrecemos servicios de limpieza y mantenimiento para asegurarnos de que los sistemas de almacenamiento de agua y alcantarillado est\u00e9n limpios y funcionando correctamente.<\/p><\/div><\/div>\n<\/div>\n\n\n\n<div class=\"wp-block-uagb-container uagb-block-a7c19dc1\">\n<div class=\"wp-block-uagb-info-box uagb-block-01f03b24 uagb-infobox__content-wrap  uagb-infobox-icon-above-title uagb-infobox-image-valign-top\"><div class=\"uagb-ifb-content\"><div class=\"uagb-ifb-image-content\"><img decoding=\"async\" src=\"https:\/\/hidroserviciosaa.com.pe\/wp-content\/uploads\/2024\/08\/gestion2.png\" alt=\"\" width=\"730\" height=\"555\" loading=\"lazy\"\/><\/div><div class=\"uagb-ifb-title-wrap\"><h4 class=\"uagb-ifb-title\">Servicios en Gesti\u00f3n Comercial.\u200b<\/h4><\/div><p class=\"uagb-ifb-desc\">Ofrecemos los servicios en gesti\u00f3n comercial como: conexiones nuevas de agua y alcantarillado, toma de lectura de medidores, inspecciones internas y externas, distribuci\u00f3n de notificaciones y recibos, instalaci\u00f3n de medidores, cierres y reaperturas.<br><br><img loading=\"lazy\" decoding=\"async\" width=\"709\" height=\"752\" src=\"https:\/\/hidroserviciosaa.com.pe\/wp-content\/uploads\/2024\/08\/gestion.png\" alt=\"\"><\/p><\/div><\/div>\n<\/div>\n<\/div>\n<\/div><\/div>\n\n\n\n<div class=\"wp-block-uagb-container uagb-block-cb9fcc17 alignfull uagb-is-root-container\"><div class=\"uagb-container-inner-blocks-wrap\">\n<div class=\"wp-block-uagb-container uagb-block-17f9e92b\">\n<div class=\"wp-block-uagb-advanced-heading uagb-block-7da60165\"><\/div>\n\n\n\n<div class=\"wp-block-uagb-advanced-heading uagb-block-907ea934\"><h2 class=\"uagb-heading-text\"><strong><strong>Cotiza con Nosotros\u200b<\/strong><\/strong><\/h2><\/div>\n\n\n<div class=\"wpforms-container wpforms-block wpforms-block-3e55df64-062e-4c93-b25f-417c64b5ebc6 inline-fields\" id=\"wpforms-7\"><form id=\"wpforms-form-7\" class=\"wpforms-validate wpforms-form\" data-formid=\"7\" method=\"post\" enctype=\"multipart\/form-data\" action=\"\/index.php\/wp-json\/wp\/v2\/pages\/912\" data-token=\"4796d13d8f66c9f6f0eabe4a2cf3d3df\" data-token-time=\"1778649782\"><noscript class=\"wpforms-error-noscript\">Please enable JavaScript in your browser to complete this form.<\/noscript><div class=\"wpforms-field-container\"><div id=\"wpforms-7-field_0-container\" class=\"wpforms-field wpforms-field-name\" data-field-id=\"0\"><label class=\"wpforms-field-label wpforms-label-hide\" for=\"wpforms-7-field_0\">Nombre <span class=\"wpforms-required-label\">*<\/span><\/label><input type=\"text\" id=\"wpforms-7-field_0\" class=\"wpforms-field-medium wpforms-field-required\" name=\"wpforms[fields][0]\" placeholder=\"Nombre Completo\" required><\/div><div id=\"wpforms-7-field_4-container\" class=\"wpforms-field wpforms-field-text\" data-field-id=\"4\"><label class=\"wpforms-field-label wpforms-label-hide\" for=\"wpforms-7-field_4\">Tel\u00e9fono<\/label><input type=\"text\" id=\"wpforms-7-field_4\" class=\"wpforms-field-medium\" name=\"wpforms[fields][4]\" placeholder=\"Ingrese n\u00famero de tel\u00e9fono\" ><\/div><\/div><!-- .wpforms-field-container --><div class=\"wpforms-submit-container\" ><input type=\"hidden\" name=\"wpforms[id]\" value=\"7\"><input type=\"hidden\" name=\"page_title\" value=\"\"><input type=\"hidden\" name=\"page_url\" value=\"https:\/\/hidroserviciosaa.com.pe\/index.php\/wp-json\/wp\/v2\/pages\/912\"><input type=\"hidden\" name=\"url_referer\" value=\"\"><button type=\"submit\" name=\"wpforms[submit]\" id=\"wpforms-submit-7\" class=\"wpforms-submit\" data-alt-text=\"Enviando...\" data-submit-text=\"Enviar\" aria-live=\"assertive\" value=\"wpforms-submit\">Enviar<\/button><\/div><\/form><\/div>  <!-- .wpforms-container --><\/div>\n<\/div><\/div>\n","protected":false},"excerpt":{"rendered":"<p>Servicios Nuestros Servicios Cotiza con Nosotros\u200b<\/p>\n","protected":false},"author":1,"featured_media":0,"parent":0,"menu_order":0,"comment_status":"closed","ping_status":"closed","template":"","meta":{"_uag_custom_page_level_css":"","_monsterinsights_skip_tracking":false,"_monsterinsights_sitenote_active":false,"_monsterinsights_sitenote_note":"","_monsterinsights_sitenote_category":0,"_uf_show_specific_survey":0,"_uf_disable_surveys":false,"site-sidebar-layout":"no-sidebar","site-content-layout":"plain-container","ast-site-content-layout":"normal-width-container","site-content-style":"unboxed","site-sidebar-style":"unboxed","ast-global-header-display":"","ast-banner-title-visibility":"","ast-main-header-display":"","ast-hfb-above-header-display":"","ast-hfb-below-header-display":"","ast-hfb-mobile-header-display":"","site-post-title":"disabled","ast-breadcrumbs-content":"","ast-featured-img":"disabled","footer-sml-layout":"","theme-transparent-header-meta":"enabled","adv-header-id-meta":"","stick-header-meta":"","header-above-stick-meta":"","header-main-stick-meta":"","header-below-stick-meta":"","astra-migrate-meta-layouts":"set","ast-page-background-enabled":"default","ast-page-background-meta":{"desktop":{"background-color":"","background-image":"","background-repeat":"repeat","background-position":"center center","background-size":"auto","background-attachment":"scroll","background-type":"","background-media":"","overlay-type":"","overlay-color":"","overlay-opacity":"","overlay-gradient":""},"tablet":{"background-color":"","background-image":"","background-repeat":"repeat","background-position":"center center","background-size":"auto","background-attachment":"scroll","background-type":"","background-media":"","overlay-type":"","overlay-color":"","overlay-opacity":"","overlay-gradient":""},"mobile":{"background-color":"","background-image":"","background-repeat":"repeat","background-position":"center center","background-size":"auto","background-attachment":"scroll","background-type":"","background-media":"","overlay-type":"","overlay-color":"","overlay-opacity":"","overlay-gradient":""}},"ast-content-background-meta":{"desktop":{"background-color":"var(--ast-global-color-5)","background-image":"","background-repeat":"repeat","background-position":"center center","background-size":"auto","background-attachment":"scroll","background-type":"","background-media":"","overlay-type":"","overlay-color":"","overlay-opacity":"","overlay-gradient":""},"tablet":{"background-color":"var(--ast-global-color-5)","background-image":"","background-repeat":"repeat","background-position":"center center","background-size":"auto","background-attachment":"scroll","background-type":"","background-media":"","overlay-type":"","overlay-color":"","overlay-opacity":"","overlay-gradient":""},"mobile":{"background-color":"var(--ast-global-color-5)","background-image":"","background-repeat":"repeat","background-position":"center center","background-size":"auto","background-attachment":"scroll","background-type":"","background-media":"","overlay-type":"","overlay-color":"","overlay-opacity":"","overlay-gradient":""}},"footnotes":""},"class_list":["post-912","page","type-page","status-publish","hentry"],"aioseo_notices":[],"uagb_featured_image_src":{"full":false,"thumbnail":false,"medium":false,"medium_large":false,"large":false,"1536x1536":false,"2048x2048":false},"uagb_author_info":{"display_name":"cesarparedes.1993","author_link":"https:\/\/hidroserviciosaa.com.pe\/index.php\/author\/cesarparedes-1993\/"},"uagb_comment_info":0,"uagb_excerpt":"Servicios Nuestros Servicios Cotiza con Nosotros\u200b","_links":{"self":[{"href":"https:\/\/hidroserviciosaa.com.pe\/index.php\/wp-json\/wp\/v2\/pages\/912","targetHints":{"allow":["GET"]}}],"collection":[{"href":"https:\/\/hidroserviciosaa.com.pe\/index.php\/wp-json\/wp\/v2\/pages"}],"about":[{"href":"https:\/\/hidroserviciosaa.com.pe\/index.php\/wp-json\/wp\/v2\/types\/page"}],"author":[{"embeddable":true,"href":"https:\/\/hidroserviciosaa.com.pe\/index.php\/wp-json\/wp\/v2\/users\/1"}],"replies":[{"embeddable":true,"href":"https:\/\/hidroserviciosaa.com.pe\/index.php\/wp-json\/wp\/v2\/comments?post=912"}],"version-history":[{"count":18,"href":"https:\/\/hidroserviciosaa.com.pe\/index.php\/wp-json\/wp\/v2\/pages\/912\/revisions"}],"predecessor-version":[{"id":1611,"href":"https:\/\/hidroserviciosaa.com.pe\/index.php\/wp-json\/wp\/v2\/pages\/912\/revisions\/1611"}],"wp:attachment":[{"href":"https:\/\/hidroserviciosaa.com.pe\/index.php\/wp-json\/wp\/v2\/media?parent=912"}],"curies":[{"name":"wp","href":"https:\/\/api.w.org\/{rel}","templated":true}]}}